{"id":56,"date":"2021-03-19T19:34:30","date_gmt":"2021-03-19T18:34:30","guid":{"rendered":"http:\/\/sysplan-consulting.de\/wordpress\/?page_id=56"},"modified":"2021-07-05T21:29:56","modified_gmt":"2021-07-05T19:29:56","slug":"unsere-leistungen","status":"publish","type":"page","link":"http:\/\/sysplan-consulting.de\/wordpress\/unsere-leistungen\/","title":{"rendered":"Unsere Leistungen"},"content":{"rendered":"\t\t<div data-elementor-type=\"wp-page\" data-elementor-id=\"56\" class=\"elementor elementor-56\" data-elementor-settings=\"[]\">\n\t\t\t\t\t\t\t<div class=\"elementor-section-wrap\">\n\t\t\t\t\t\t\t<section class=\"elementor-section elementor-top-section elementor-element elementor-element-550f3fa elementor-section-height-min-height elementor-section-items-top elementor-section-boxed elementor-section-height-default\" data-id=\"550f3fa\" data-element_type=\"section\" data-settings=\"{&quot;background_background&quot;:&quot;classic&quot;}\">\n\t\t\t\t\t\t<div class=\"elementor-container elementor-column-gap-default\">\n\t\t\t\t\t<div class=\"elementor-column elementor-col-100 elementor-top-column elementor-element elementor-element-8ab139a\" data-id=\"8ab139a\" data-element_type=\"column\">\n\t\t\t<div class=\"elementor-widget-wrap elementor-element-populated\">\n\t\t\t\t\t\t\t\t<div class=\"elementor-element elementor-element-4e22cb1 elementor-widget elementor-widget-heading\" data-id=\"4e22cb1\" data-element_type=\"widget\" data-widget_type=\"heading.default\">\n\t\t\t\t<div class=\"elementor-widget-container\">\n\t\t\t<h2 class=\"elementor-heading-title elementor-size-default\">Unsere Leistungen<\/h2>\t\t<\/div>\n\t\t\t\t<\/div>\n\t\t\t\t<section class=\"elementor-section elementor-inner-section elementor-element elementor-element-f5b7a3e elementor-section-height-min-height elementor-section-boxed elementor-section-height-default\" data-id=\"f5b7a3e\" data-element_type=\"section\">\n\t\t\t\t\t\t<div class=\"elementor-container elementor-column-gap-default\">\n\t\t\t\t\t<div class=\"elementor-column elementor-col-100 elementor-inner-column elementor-element elementor-element-097c192\" data-id=\"097c192\" data-element_type=\"column\">\n\t\t\t<div class=\"elementor-widget-wrap elementor-element-populated\">\n\t\t\t\t\t\t\t\t<div class=\"elementor-element elementor-element-d0f4d12 elementor-widget elementor-widget-text-editor\" data-id=\"d0f4d12\" data-element_type=\"widget\" data-widget_type=\"text-editor.default\">\n\t\t\t\t<div class=\"elementor-widget-container\">\n\t\t\t\t\t<div class=\"elementor-text-editor elementor-clearfix\"><p>Wir bieten unseren Kunden Programme, die auf Ihre jeweiligen Anforderungsprofile zugeschnitten sind. Also keine nur schwer zu beherrschende Funktions-Monster, sondern flexibel und modular nach Kundenanforderung konfigurierte Softwarel\u00f6sungen. Damit werden wir den st\u00e4ndig wachsenden Anforderungen des Marktes an unsere Kunden gerecht. Es ist heute nicht mehr damit getan, Abl\u00e4ufe im eigenen Unternehmen abzubilden und zu realisieren, sondern immer mehr auch kundenspezifischen Anforderungen mit der eingesetzten EDV-L\u00f6sung zu erf\u00fcllen. Von der qualifizierten Beratung, \u00fcber eine professionelle Planung, bis hin zur optimalen Realisierung der EDV-Projekte bieten wir unseren Kunden ein perfektes Gesamtpaket.\u00a0 <\/p><\/div>\n\t\t\t\t<\/div>\n\t\t\t\t<\/div>\n\t\t\t\t\t<\/div>\n\t\t<\/div>\n\t\t\t\t\t\t\t<\/div>\n\t\t<\/section>\n\t\t\t\t\t<\/div>\n\t\t<\/div>\n\t\t\t\t\t\t\t<\/div>\n\t\t<\/section>\n\t\t\t\t\t\t<\/div>\n\t\t\t\t\t<\/div>\n\t\t","protected":false},"excerpt":{"rendered":"<p>Unsere Leistungen Wir bieten unseren Kunden Programme, die auf Ihre jeweiligen Anforderungsprofile zugeschnitten sind. Also keine nur schwer zu beherrschende Funktions-Monster, sondern flexibel und modular nach Kundenanforderung konfigurierte Softwarel\u00f6sungen. Damit werden wir den st\u00e4ndig wachsenden Anforderungen des Marktes an unsere Kunden gerecht. Es ist heute nicht mehr damit getan, Abl\u00e4ufe im eigenen Unternehmen abzubilden und [&hellip;]<\/p>\n","protected":false},"author":1,"featured_media":0,"parent":0,"menu_order":0,"comment_status":"closed","ping_status":"closed","template":"","meta":{"footnotes":""},"class_list":["post-56","page","type-page","status-publish","hentry","entry"],"_links":{"self":[{"href":"http:\/\/sysplan-consulting.de\/wordpress\/wp-json\/wp\/v2\/pages\/56","targetHints":{"allow":["GET"]}}],"collection":[{"href":"http:\/\/sysplan-consulting.de\/wordpress\/wp-json\/wp\/v2\/pages"}],"about":[{"href":"http:\/\/sysplan-consulting.de\/wordpress\/wp-json\/wp\/v2\/types\/page"}],"author":[{"embeddable":true,"href":"http:\/\/sysplan-consulting.de\/wordpress\/wp-json\/wp\/v2\/users\/1"}],"replies":[{"embeddable":true,"href":"http:\/\/sysplan-consulting.de\/wordpress\/wp-json\/wp\/v2\/comments?post=56"}],"version-history":[{"count":220,"href":"http:\/\/sysplan-consulting.de\/wordpress\/wp-json\/wp\/v2\/pages\/56\/revisions"}],"predecessor-version":[{"id":966,"href":"http:\/\/sysplan-consulting.de\/wordpress\/wp-json\/wp\/v2\/pages\/56\/revisions\/966"}],"wp:attachment":[{"href":"http:\/\/sysplan-consulting.de\/wordpress\/wp-json\/wp\/v2\/media?parent=56"}],"curies":[{"name":"wp","href":"https:\/\/api.w.org\/{rel}","templated":true}]}}