{"id":706,"date":"2021-06-28T21:25:27","date_gmt":"2021-06-28T19:25:27","guid":{"rendered":"http:\/\/sysplan-consulting.de\/wordpress\/?page_id=706"},"modified":"2021-06-29T20:49:09","modified_gmt":"2021-06-29T18:49:09","slug":"elementor-706","status":"publish","type":"page","link":"http:\/\/sysplan-consulting.de\/wordpress\/elementor-706\/","title":{"rendered":"Impressum"},"content":{"rendered":"\t\t<div data-elementor-type=\"wp-page\" data-elementor-id=\"706\" class=\"elementor elementor-706\" data-elementor-settings=\"[]\">\n\t\t\t\t\t\t\t<div class=\"elementor-section-wrap\">\n\t\t\t\t\t\t\t<section class=\"elementor-section elementor-top-section elementor-element elementor-element-27c59c4 elementor-section-height-min-height elementor-section-items-top elementor-section-boxed elementor-section-height-default\" data-id=\"27c59c4\" data-element_type=\"section\" data-settings=\"{&quot;background_background&quot;:&quot;classic&quot;}\">\n\t\t\t\t\t\t<div class=\"elementor-container elementor-column-gap-default\">\n\t\t\t\t\t<div class=\"elementor-column elementor-col-100 elementor-top-column elementor-element elementor-element-b9df9e2\" data-id=\"b9df9e2\" data-element_type=\"column\">\n\t\t\t<div class=\"elementor-widget-wrap elementor-element-populated\">\n\t\t\t\t\t\t\t\t<div class=\"elementor-element elementor-element-37d9081 elementor-widget elementor-widget-text-editor\" data-id=\"37d9081\" data-element_type=\"widget\" data-widget_type=\"text-editor.default\">\n\t\t\t\t<div class=\"elementor-widget-container\">\n\t\t\t\t\t<div class=\"elementor-text-editor elementor-clearfix\"><p>Impressum<\/p><\/div>\n\t\t\t\t<\/div>\n\t\t\t\t<\/div>\n\t\t\t\t<section class=\"elementor-section elementor-inner-section elementor-element elementor-element-8caf16c elementor-section-boxed elementor-section-height-default elementor-section-height-default\" data-id=\"8caf16c\" data-element_type=\"section\">\n\t\t\t\t\t\t<div class=\"elementor-container elementor-column-gap-default\">\n\t\t\t\t\t<div class=\"elementor-column elementor-col-100 elementor-inner-column elementor-element elementor-element-6e87371\" data-id=\"6e87371\" data-element_type=\"column\">\n\t\t\t<div class=\"elementor-widget-wrap elementor-element-populated\">\n\t\t\t\t\t\t\t\t<div class=\"elementor-element elementor-element-8368daa elementor-widget elementor-widget-text-editor\" data-id=\"8368daa\" data-element_type=\"widget\" data-widget_type=\"text-editor.default\">\n\t\t\t\t<div class=\"elementor-widget-container\">\n\t\t\t\t\t<div class=\"elementor-text-editor elementor-clearfix\"><p><strong>Sysplan Consulting GmbH<\/strong><\/p><p>Stettiner Str. 7<br \/>57462 Olpe<\/p><p>Telefon: +49 2761 63777<br \/>Telefax: +49 2761 63778<br \/>E-Mail:\u00a0vertrieb@sysplan-consulting.de<\/p><p>Registergericht: Siegen<\/p><p>Registernummer: HRA 10883<\/p><p>Gesch\u00e4ftsf\u00fchrer: Waltraud Jung<\/p><p>Umsatzsteuer-Identifikationsnummer gem\u00e4\u00df \u00a727a Umsatzsteuergesetz:<\/p><p>DE305547419<\/p><p><strong>Konzeption, Design und Programmierung<\/strong><\/p><p>Sysplan Consulting GmbH<\/p><\/div>\n\t\t\t\t<\/div>\n\t\t\t\t<\/div>\n\t\t\t\t\t<\/div>\n\t\t<\/div>\n\t\t\t\t\t\t\t<\/div>\n\t\t<\/section>\n\t\t\t\t\t<\/div>\n\t\t<\/div>\n\t\t\t\t\t\t\t<\/div>\n\t\t<\/section>\n\t\t\t\t\t\t<\/div>\n\t\t\t\t\t<\/div>\n\t\t","protected":false},"excerpt":{"rendered":"<p>Impressum Sysplan Consulting GmbH Stettiner Str. 757462 Olpe Telefon: +49 2761 63777Telefax: +49 2761 63778E-Mail:\u00a0vertrieb@sysplan-consulting.de Registergericht: Siegen Registernummer: HRA 10883 Gesch\u00e4ftsf\u00fchrer: Waltraud Jung Umsatzsteuer-Identifikationsnummer gem\u00e4\u00df \u00a727a Umsatzsteuergesetz: DE305547419 Konzeption, Design und Programmierung Sysplan Consulting GmbH<\/p>\n","protected":false},"author":1,"featured_media":0,"parent":0,"menu_order":0,"comment_status":"closed","ping_status":"closed","template":"","meta":{"footnotes":""},"class_list":["post-706","page","type-page","status-publish","hentry","entry"],"_links":{"self":[{"href":"http:\/\/sysplan-consulting.de\/wordpress\/wp-json\/wp\/v2\/pages\/706","targetHints":{"allow":["GET"]}}],"collection":[{"href":"http:\/\/sysplan-consulting.de\/wordpress\/wp-json\/wp\/v2\/pages"}],"about":[{"href":"http:\/\/sysplan-consulting.de\/wordpress\/wp-json\/wp\/v2\/types\/page"}],"author":[{"embeddable":true,"href":"http:\/\/sysplan-consulting.de\/wordpress\/wp-json\/wp\/v2\/users\/1"}],"replies":[{"embeddable":true,"href":"http:\/\/sysplan-consulting.de\/wordpress\/wp-json\/wp\/v2\/comments?post=706"}],"version-history":[{"count":39,"href":"http:\/\/sysplan-consulting.de\/wordpress\/wp-json\/wp\/v2\/pages\/706\/revisions"}],"predecessor-version":[{"id":822,"href":"http:\/\/sysplan-consulting.de\/wordpress\/wp-json\/wp\/v2\/pages\/706\/revisions\/822"}],"wp:attachment":[{"href":"http:\/\/sysplan-consulting.de\/wordpress\/wp-json\/wp\/v2\/media?parent=706"}],"curies":[{"name":"wp","href":"https:\/\/api.w.org\/{rel}","templated":true}]}}