{"id":971,"date":"2021-09-30T21:07:40","date_gmt":"2021-09-30T19:07:40","guid":{"rendered":"http:\/\/sysplan-consulting.de\/wordpress\/?page_id=971"},"modified":"2021-10-15T20:48:08","modified_gmt":"2021-10-15T18:48:08","slug":"referenzen","status":"publish","type":"page","link":"http:\/\/sysplan-consulting.de\/wordpress\/referenzen\/","title":{"rendered":"Referenzen"},"content":{"rendered":"\t\t<div data-elementor-type=\"wp-page\" data-elementor-id=\"971\" class=\"elementor elementor-971\" data-elementor-settings=\"[]\">\n\t\t\t\t\t\t\t<div class=\"elementor-section-wrap\">\n\t\t\t\t\t\t\t<section class=\"elementor-section elementor-top-section elementor-element elementor-element-9b70724 elementor-section-height-min-height elementor-section-items-top elementor-section-boxed elementor-section-height-default\" data-id=\"9b70724\" data-element_type=\"section\" data-settings=\"{&quot;background_background&quot;:&quot;classic&quot;}\">\n\t\t\t\t\t\t<div class=\"elementor-container elementor-column-gap-default\">\n\t\t\t\t\t<div class=\"elementor-column elementor-col-100 elementor-top-column elementor-element elementor-element-1c8157f\" data-id=\"1c8157f\" data-element_type=\"column\">\n\t\t\t<div class=\"elementor-widget-wrap elementor-element-populated\">\n\t\t\t\t\t\t\t\t<div class=\"elementor-element elementor-element-e362784 elementor-widget elementor-widget-heading\" data-id=\"e362784\" data-element_type=\"widget\" data-widget_type=\"heading.default\">\n\t\t\t\t<div class=\"elementor-widget-container\">\n\t\t\t<h2 class=\"elementor-heading-title elementor-size-default\">Auszug aus unserer Referenzliste<\/h2>\t\t<\/div>\n\t\t\t\t<\/div>\n\t\t\t\t<section class=\"elementor-section elementor-inner-section elementor-element elementor-element-9c3ff41 elementor-section-height-min-height elementor-section-boxed elementor-section-height-default\" data-id=\"9c3ff41\" data-element_type=\"section\">\n\t\t\t\t\t\t<div class=\"elementor-container elementor-column-gap-default\">\n\t\t\t\t\t<div class=\"elementor-column elementor-col-33 elementor-inner-column elementor-element elementor-element-2609286\" data-id=\"2609286\" data-element_type=\"column\">\n\t\t\t<div class=\"elementor-widget-wrap\">\n\t\t\t\t\t\t\t\t\t<\/div>\n\t\t<\/div>\n\t\t\t\t<div class=\"elementor-column elementor-col-33 elementor-inner-column elementor-element elementor-element-7784c38\" data-id=\"7784c38\" data-element_type=\"column\">\n\t\t\t<div class=\"elementor-widget-wrap elementor-element-populated\">\n\t\t\t\t\t\t\t\t<div class=\"elementor-element elementor-element-79d195d elementor-widget elementor-widget-image\" data-id=\"79d195d\" data-element_type=\"widget\" data-widget_type=\"image.default\">\n\t\t\t\t<div class=\"elementor-widget-container\">\n\t\t\t\t\t<div class=\"elementor-image\">\n\t\t\t\t\t\t\t\t\t\t\t<a href=\"https:\/\/www.wewira.de\/\" target=\"_blank\">\n\t\t\t\t\t\t\t<img loading=\"lazy\" decoding=\"async\" width=\"592\" height=\"183\" src=\"http:\/\/sysplan-consulting.de\/wordpress\/wp-content\/uploads\/2021\/10\/Wewira.jpg\" class=\"attachment-medium_large size-medium_large\" alt=\"\" srcset=\"http:\/\/sysplan-consulting.de\/wordpress\/wp-content\/uploads\/2021\/10\/Wewira.jpg 592w, http:\/\/sysplan-consulting.de\/wordpress\/wp-content\/uploads\/2021\/10\/Wewira-300x93.jpg 300w\" sizes=\"auto, (max-width: 592px) 100vw, 592px\" \/>\t\t\t\t\t\t\t\t<\/a>\n\t\t\t\t\t\t\t\t\t\t\t<\/div>\n\t\t\t\t<\/div>\n\t\t\t\t<\/div>\n\t\t\t\t\t<\/div>\n\t\t<\/div>\n\t\t\t\t<div class=\"elementor-column elementor-col-33 elementor-inner-column elementor-element elementor-element-c03d0fd\" data-id=\"c03d0fd\" data-element_type=\"column\">\n\t\t\t<div class=\"elementor-widget-wrap\">\n\t\t\t\t\t\t\t\t\t<\/div>\n\t\t<\/div>\n\t\t\t\t\t\t\t<\/div>\n\t\t<\/section>\n\t\t\t\t<section class=\"elementor-section elementor-inner-section elementor-element elementor-element-bf149ad elementor-section-boxed elementor-section-height-default elementor-section-height-default\" data-id=\"bf149ad\" data-element_type=\"section\">\n\t\t\t\t\t\t<div class=\"elementor-container elementor-column-gap-default\">\n\t\t\t\t\t<div class=\"elementor-column elementor-col-33 elementor-inner-column elementor-element elementor-element-9eae1d2\" data-id=\"9eae1d2\" data-element_type=\"column\">\n\t\t\t<div class=\"elementor-widget-wrap\">\n\t\t\t\t\t\t\t\t\t<\/div>\n\t\t<\/div>\n\t\t\t\t<div class=\"elementor-column elementor-col-33 elementor-inner-column elementor-element elementor-element-6dc90bd\" data-id=\"6dc90bd\" data-element_type=\"column\">\n\t\t\t<div class=\"elementor-widget-wrap elementor-element-populated\">\n\t\t\t\t\t\t\t\t<div class=\"elementor-element elementor-element-21100de elementor-widget elementor-widget-text-editor\" data-id=\"21100de\" data-element_type=\"widget\" data-widget_type=\"text-editor.default\">\n\t\t\t\t<div class=\"elementor-widget-container\">\n\t\t\t\t\t<div class=\"elementor-text-editor elementor-clearfix\"><p>WEWIRA Winterhoff GmbH<\/p><\/div>\n\t\t\t\t<\/div>\n\t\t\t\t<\/div>\n\t\t\t\t\t<\/div>\n\t\t<\/div>\n\t\t\t\t<div class=\"elementor-column elementor-col-33 elementor-inner-column elementor-element elementor-element-55a6670\" data-id=\"55a6670\" data-element_type=\"column\">\n\t\t\t<div class=\"elementor-widget-wrap\">\n\t\t\t\t\t\t\t\t\t<\/div>\n\t\t<\/div>\n\t\t\t\t\t\t\t<\/div>\n\t\t<\/section>\n\t\t\t\t<section class=\"elementor-section elementor-inner-section elementor-element elementor-element-cd5ee26 elementor-section-height-min-height elementor-section-boxed elementor-section-height-default\" data-id=\"cd5ee26\" data-element_type=\"section\">\n\t\t\t\t\t\t<div class=\"elementor-container elementor-column-gap-default\">\n\t\t\t\t\t<div class=\"elementor-column elementor-col-33 elementor-inner-column elementor-element elementor-element-e1f04d1\" data-id=\"e1f04d1\" data-element_type=\"column\">\n\t\t\t<div class=\"elementor-widget-wrap elementor-element-populated\">\n\t\t\t\t\t\t\t\t<div class=\"elementor-element elementor-element-4de924a elementor-widget elementor-widget-image\" data-id=\"4de924a\" data-element_type=\"widget\" data-widget_type=\"image.default\">\n\t\t\t\t<div class=\"elementor-widget-container\">\n\t\t\t\t\t<div class=\"elementor-image\">\n\t\t\t\t\t\t\t\t\t\t\t<a href=\"https:\/\/www.fischerstahl.de\/\" target=\"_blank\">\n\t\t\t\t\t\t\t<img loading=\"lazy\" decoding=\"async\" width=\"2560\" height=\"1440\" src=\"http:\/\/sysplan-consulting.de\/wordpress\/wp-content\/uploads\/2021\/10\/Fischer-1-scaled.jpg\" class=\"attachment-full size-full\" alt=\"\" srcset=\"http:\/\/sysplan-consulting.de\/wordpress\/wp-content\/uploads\/2021\/10\/Fischer-1-scaled.jpg 2560w, http:\/\/sysplan-consulting.de\/wordpress\/wp-content\/uploads\/2021\/10\/Fischer-1-300x169.jpg 300w, http:\/\/sysplan-consulting.de\/wordpress\/wp-content\/uploads\/2021\/10\/Fischer-1-1024x576.jpg 1024w, http:\/\/sysplan-consulting.de\/wordpress\/wp-content\/uploads\/2021\/10\/Fischer-1-768x432.jpg 768w, http:\/\/sysplan-consulting.de\/wordpress\/wp-content\/uploads\/2021\/10\/Fischer-1-1536x864.jpg 1536w, http:\/\/sysplan-consulting.de\/wordpress\/wp-content\/uploads\/2021\/10\/Fischer-1-2048x1152.jpg 2048w\" sizes=\"auto, (max-width: 2560px) 100vw, 2560px\" \/>\t\t\t\t\t\t\t\t<\/a>\n\t\t\t\t\t\t\t\t\t\t\t<\/div>\n\t\t\t\t<\/div>\n\t\t\t\t<\/div>\n\t\t\t\t\t<\/div>\n\t\t<\/div>\n\t\t\t\t<div class=\"elementor-column elementor-col-33 elementor-inner-column elementor-element elementor-element-3d3977e\" data-id=\"3d3977e\" data-element_type=\"column\">\n\t\t\t<div class=\"elementor-widget-wrap elementor-element-populated\">\n\t\t\t\t\t\t\t\t<div class=\"elementor-element elementor-element-97bb9cf elementor-widget elementor-widget-image\" data-id=\"97bb9cf\" data-element_type=\"widget\" data-widget_type=\"image.default\">\n\t\t\t\t<div class=\"elementor-widget-container\">\n\t\t\t\t\t<div class=\"elementor-image\">\n\t\t\t\t\t\t\t\t\t\t\t<a href=\"https:\/\/www.umo.de\/\" target=\"_blank\">\n\t\t\t\t\t\t\t<img loading=\"lazy\" decoding=\"async\" width=\"768\" height=\"278\" src=\"http:\/\/sysplan-consulting.de\/wordpress\/wp-content\/uploads\/2021\/09\/UMO-Logo-P113-768x278.jpg\" class=\"attachment-medium_large size-medium_large\" alt=\"\" srcset=\"http:\/\/sysplan-consulting.de\/wordpress\/wp-content\/uploads\/2021\/09\/UMO-Logo-P113-768x278.jpg 768w, http:\/\/sysplan-consulting.de\/wordpress\/wp-content\/uploads\/2021\/09\/UMO-Logo-P113-e1633031948718.jpg 300w, http:\/\/sysplan-consulting.de\/wordpress\/wp-content\/uploads\/2021\/09\/UMO-Logo-P113-1024x370.jpg 1024w, http:\/\/sysplan-consulting.de\/wordpress\/wp-content\/uploads\/2021\/09\/UMO-Logo-P113-1536x555.jpg 1536w, http:\/\/sysplan-consulting.de\/wordpress\/wp-content\/uploads\/2021\/09\/UMO-Logo-P113-2048x740.jpg 2048w\" sizes=\"auto, (max-width: 768px) 100vw, 768px\" \/>\t\t\t\t\t\t\t\t<\/a>\n\t\t\t\t\t\t\t\t\t\t\t<\/div>\n\t\t\t\t<\/div>\n\t\t\t\t<\/div>\n\t\t\t\t\t<\/div>\n\t\t<\/div>\n\t\t\t\t<div class=\"elementor-column elementor-col-33 elementor-inner-column elementor-element elementor-element-a2c37d9\" data-id=\"a2c37d9\" data-element_type=\"column\">\n\t\t\t<div class=\"elementor-widget-wrap elementor-element-populated\">\n\t\t\t\t\t\t\t\t<div class=\"elementor-element elementor-element-7033cb8 elementor-widget elementor-widget-image\" data-id=\"7033cb8\" data-element_type=\"widget\" data-widget_type=\"image.default\">\n\t\t\t\t<div class=\"elementor-widget-container\">\n\t\t\t\t\t<div class=\"elementor-image\">\n\t\t\t\t\t\t\t\t\t\t\t<a href=\"https:\/\/www.zimmermann-lueftung.de\/\" target=\"_blank\">\n\t\t\t\t\t\t\t<img loading=\"lazy\" decoding=\"async\" width=\"900\" height=\"500\" src=\"http:\/\/sysplan-consulting.de\/wordpress\/wp-content\/uploads\/2021\/10\/zimmermann-lueftungs-und-waermesysteme-gmbh-und-co-kg-vector-logo.png\" class=\"attachment-large size-large\" alt=\"\" srcset=\"http:\/\/sysplan-consulting.de\/wordpress\/wp-content\/uploads\/2021\/10\/zimmermann-lueftungs-und-waermesysteme-gmbh-und-co-kg-vector-logo.png 900w, http:\/\/sysplan-consulting.de\/wordpress\/wp-content\/uploads\/2021\/10\/zimmermann-lueftungs-und-waermesysteme-gmbh-und-co-kg-vector-logo-300x167.png 300w, http:\/\/sysplan-consulting.de\/wordpress\/wp-content\/uploads\/2021\/10\/zimmermann-lueftungs-und-waermesysteme-gmbh-und-co-kg-vector-logo-768x427.png 768w\" sizes=\"auto, (max-width: 900px) 100vw, 900px\" \/>\t\t\t\t\t\t\t\t<\/a>\n\t\t\t\t\t\t\t\t\t\t\t<\/div>\n\t\t\t\t<\/div>\n\t\t\t\t<\/div>\n\t\t\t\t\t<\/div>\n\t\t<\/div>\n\t\t\t\t\t\t\t<\/div>\n\t\t<\/section>\n\t\t\t\t<section class=\"elementor-section elementor-inner-section elementor-element elementor-element-2dd0fbf elementor-section-boxed elementor-section-height-default elementor-section-height-default\" data-id=\"2dd0fbf\" data-element_type=\"section\">\n\t\t\t\t\t\t<div class=\"elementor-container elementor-column-gap-no\">\n\t\t\t\t\t<div class=\"elementor-column elementor-col-33 elementor-inner-column elementor-element elementor-element-6646059\" data-id=\"6646059\" data-element_type=\"column\">\n\t\t\t<div class=\"elementor-widget-wrap elementor-element-populated\">\n\t\t\t\t\t\t\t\t<div class=\"elementor-element elementor-element-8fd4a5f elementor-widget elementor-widget-text-editor\" data-id=\"8fd4a5f\" data-element_type=\"widget\" data-widget_type=\"text-editor.default\">\n\t\t\t\t<div class=\"elementor-widget-container\">\n\t\t\t\t\t<div class=\"elementor-text-editor elementor-clearfix\"><p>Wolfgang Fischer Stahl GmbH<\/p><\/div>\n\t\t\t\t<\/div>\n\t\t\t\t<\/div>\n\t\t\t\t\t<\/div>\n\t\t<\/div>\n\t\t\t\t<div class=\"elementor-column elementor-col-33 elementor-inner-column elementor-element elementor-element-ea020c1\" data-id=\"ea020c1\" data-element_type=\"column\">\n\t\t\t<div class=\"elementor-widget-wrap elementor-element-populated\">\n\t\t\t\t\t\t\t\t<div class=\"elementor-element elementor-element-934bed6 elementor-widget elementor-widget-text-editor\" data-id=\"934bed6\" data-element_type=\"widget\" data-widget_type=\"text-editor.default\">\n\t\t\t\t<div class=\"elementor-widget-container\">\n\t\t\t\t\t<div class=\"elementor-text-editor elementor-clearfix\"><p>Umo Utsch GmbH<\/p><\/div>\n\t\t\t\t<\/div>\n\t\t\t\t<\/div>\n\t\t\t\t\t<\/div>\n\t\t<\/div>\n\t\t\t\t<div class=\"elementor-column elementor-col-33 elementor-inner-column elementor-element elementor-element-3395c2f\" data-id=\"3395c2f\" data-element_type=\"column\">\n\t\t\t<div class=\"elementor-widget-wrap elementor-element-populated\">\n\t\t\t\t\t\t\t\t<div class=\"elementor-element elementor-element-04154a1 elementor-widget elementor-widget-text-editor\" data-id=\"04154a1\" data-element_type=\"widget\" data-widget_type=\"text-editor.default\">\n\t\t\t\t<div class=\"elementor-widget-container\">\n\t\t\t\t\t<div class=\"elementor-text-editor elementor-clearfix\"><p><strong>ZIMMERMANN L\u00fcftungs- und W\u00e4rmesysteme GmbH &amp; Co. KG<\/strong><\/p><\/div>\n\t\t\t\t<\/div>\n\t\t\t\t<\/div>\n\t\t\t\t\t<\/div>\n\t\t<\/div>\n\t\t\t\t\t\t\t<\/div>\n\t\t<\/section>\n\t\t\t\t<section class=\"elementor-section elementor-inner-section elementor-element elementor-element-62a2d8e elementor-section-boxed elementor-section-height-default elementor-section-height-default\" data-id=\"62a2d8e\" data-element_type=\"section\">\n\t\t\t\t\t\t<div class=\"elementor-container elementor-column-gap-default\">\n\t\t\t\t\t<div class=\"elementor-column elementor-col-33 elementor-inner-column elementor-element elementor-element-edb7aa8\" data-id=\"edb7aa8\" data-element_type=\"column\">\n\t\t\t<div class=\"elementor-widget-wrap elementor-element-populated\">\n\t\t\t\t\t\t\t\t\t<\/div>\n\t\t<\/div>\n\t\t\t\t<div class=\"elementor-column elementor-col-33 elementor-inner-column elementor-element elementor-element-91f93e1\" data-id=\"91f93e1\" data-element_type=\"column\">\n\t\t\t<div class=\"elementor-widget-wrap elementor-element-populated\">\n\t\t\t\t\t\t\t\t<div class=\"elementor-element elementor-element-91cbc21 elementor-widget elementor-widget-image\" data-id=\"91cbc21\" data-element_type=\"widget\" data-widget_type=\"image.default\">\n\t\t\t\t<div class=\"elementor-widget-container\">\n\t\t\t\t\t<div class=\"elementor-image\">\n\t\t\t\t\t\t\t\t\t\t\t<a href=\"https:\/\/www.e-schaefer-kg.de\/home\/\" target=\"_blank\">\n\t\t\t\t\t\t\t<img loading=\"lazy\" decoding=\"async\" width=\"200\" height=\"279\" src=\"http:\/\/sysplan-consulting.de\/wordpress\/wp-content\/uploads\/2021\/10\/25148-m-1.png\" class=\"attachment-large size-large\" alt=\"\" \/>\t\t\t\t\t\t\t\t<\/a>\n\t\t\t\t\t\t\t\t\t\t\t<\/div>\n\t\t\t\t<\/div>\n\t\t\t\t<\/div>\n\t\t\t\t\t<\/div>\n\t\t<\/div>\n\t\t\t\t<div class=\"elementor-column elementor-col-33 elementor-inner-column elementor-element elementor-element-41d5820\" data-id=\"41d5820\" data-element_type=\"column\">\n\t\t\t<div class=\"elementor-widget-wrap\">\n\t\t\t\t\t\t\t\t\t<\/div>\n\t\t<\/div>\n\t\t\t\t\t\t\t<\/div>\n\t\t<\/section>\n\t\t\t\t<section class=\"elementor-section elementor-inner-section elementor-element elementor-element-3970af2 elementor-section-boxed elementor-section-height-default elementor-section-height-default\" data-id=\"3970af2\" data-element_type=\"section\">\n\t\t\t\t\t\t<div class=\"elementor-container elementor-column-gap-default\">\n\t\t\t\t\t<div class=\"elementor-column elementor-col-33 elementor-inner-column elementor-element elementor-element-cc000f9\" data-id=\"cc000f9\" data-element_type=\"column\">\n\t\t\t<div class=\"elementor-widget-wrap\">\n\t\t\t\t\t\t\t\t\t<\/div>\n\t\t<\/div>\n\t\t\t\t<div class=\"elementor-column elementor-col-33 elementor-inner-column elementor-element elementor-element-2919fb3\" data-id=\"2919fb3\" data-element_type=\"column\">\n\t\t\t<div class=\"elementor-widget-wrap elementor-element-populated\">\n\t\t\t\t\t\t\t\t<div class=\"elementor-element elementor-element-3d6046e elementor-widget elementor-widget-text-editor\" data-id=\"3d6046e\" data-element_type=\"widget\" data-widget_type=\"text-editor.default\">\n\t\t\t\t<div class=\"elementor-widget-container\">\n\t\t\t\t\t<div class=\"elementor-text-editor elementor-clearfix\"><p>Erich Sch\u00e4fer GmbH &amp; Co. KG<\/p><\/div>\n\t\t\t\t<\/div>\n\t\t\t\t<\/div>\n\t\t\t\t\t<\/div>\n\t\t<\/div>\n\t\t\t\t<div class=\"elementor-column elementor-col-33 elementor-inner-column elementor-element elementor-element-269ff79\" data-id=\"269ff79\" data-element_type=\"column\">\n\t\t\t<div class=\"elementor-widget-wrap\">\n\t\t\t\t\t\t\t\t\t<\/div>\n\t\t<\/div>\n\t\t\t\t\t\t\t<\/div>\n\t\t<\/section>\n\t\t\t\t\t<\/div>\n\t\t<\/div>\n\t\t\t\t\t\t\t<\/div>\n\t\t<\/section>\n\t\t\t\t\t\t<\/div>\n\t\t\t\t\t<\/div>\n\t\t","protected":false},"excerpt":{"rendered":"<p>Auszug aus unserer Referenzliste WEWIRA Winterhoff GmbH Wolfgang Fischer Stahl GmbH Umo Utsch GmbH ZIMMERMANN L\u00fcftungs- und W\u00e4rmesysteme GmbH &amp; Co. KG Erich Sch\u00e4fer GmbH &amp; Co. KG<\/p>\n","protected":false},"author":1,"featured_media":0,"parent":0,"menu_order":0,"comment_status":"closed","ping_status":"closed","template":"","meta":{"footnotes":""},"class_list":["post-971","page","type-page","status-publish","hentry","entry"],"_links":{"self":[{"href":"http:\/\/sysplan-consulting.de\/wordpress\/wp-json\/wp\/v2\/pages\/971","targetHints":{"allow":["GET"]}}],"collection":[{"href":"http:\/\/sysplan-consulting.de\/wordpress\/wp-json\/wp\/v2\/pages"}],"about":[{"href":"http:\/\/sysplan-consulting.de\/wordpress\/wp-json\/wp\/v2\/types\/page"}],"author":[{"embeddable":true,"href":"http:\/\/sysplan-consulting.de\/wordpress\/wp-json\/wp\/v2\/users\/1"}],"replies":[{"embeddable":true,"href":"http:\/\/sysplan-consulting.de\/wordpress\/wp-json\/wp\/v2\/comments?post=971"}],"version-history":[{"count":69,"href":"http:\/\/sysplan-consulting.de\/wordpress\/wp-json\/wp\/v2\/pages\/971\/revisions"}],"predecessor-version":[{"id":1064,"href":"http:\/\/sysplan-consulting.de\/wordpress\/wp-json\/wp\/v2\/pages\/971\/revisions\/1064"}],"wp:attachment":[{"href":"http:\/\/sysplan-consulting.de\/wordpress\/wp-json\/wp\/v2\/media?parent=971"}],"curies":[{"name":"wp","href":"https:\/\/api.w.org\/{rel}","templated":true}]}}